{"id":668,"date":"2023-06-16T12:27:05","date_gmt":"2023-06-16T12:27:05","guid":{"rendered":"https:\/\/villa-histria-relax.com\/?page_id=668"},"modified":"2023-06-16T12:30:21","modified_gmt":"2023-06-16T12:30:21","slug":"uber-uns","status":"publish","type":"page","link":"https:\/\/villa-histria-relax.com\/de\/uber-uns\/","title":{"rendered":"Uber Uns"},"content":{"rendered":"\t\t<div data-elementor-type=\"wp-page\" data-elementor-id=\"668\" class=\"elementor elementor-668 elementor-128\">\n\t\t\t\t<div class=\"elementor-element elementor-element-9063d46 e-flex e-con-boxed e-con e-parent\" data-id=\"9063d46\" data-element_type=\"container\">\n\t\t\t\t\t<div class=\"e-con-inner\">\n\t\t<div class=\"elementor-element elementor-element-577d80a e-con-full e-flex e-con e-parent\" data-id=\"577d80a\" data-element_type=\"container\">\n\t\t\t\t<div class=\"elementor-element elementor-element-912fc2c elementor-widget elementor-widget-image\" data-id=\"912fc2c\" data-element_type=\"widget\" data-widget_type=\"image.default\">\n\t\t\t\t<div class=\"elementor-widget-container\">\n\t\t\t\t\t\t\t\t\t\t\t\t\t\t\t<img fetchpriority=\"high\" decoding=\"async\" width=\"1200\" height=\"800\" src=\"https:\/\/villa-histria-relax.com\/wp-content\/uploads\/2023\/06\/villa-histria-relax-vani-04-1.jpg\" class=\"attachment-full size-full wp-image-671\" alt=\"\" srcset=\"https:\/\/villa-histria-relax.com\/wp-content\/uploads\/2023\/06\/villa-histria-relax-vani-04-1.jpg 1200w, https:\/\/villa-histria-relax.com\/wp-content\/uploads\/2023\/06\/villa-histria-relax-vani-04-1-300x200.jpg 300w, https:\/\/villa-histria-relax.com\/wp-content\/uploads\/2023\/06\/villa-histria-relax-vani-04-1-1024x683.jpg 1024w, https:\/\/villa-histria-relax.com\/wp-content\/uploads\/2023\/06\/villa-histria-relax-vani-04-1-768x512.jpg 768w\" sizes=\"(max-width: 1200px) 100vw, 1200px\" \/>\t\t\t\t\t\t\t\t\t\t\t\t\t\t\t<\/div>\n\t\t\t\t<\/div>\n\t\t\t\t<\/div>\n\t\t<div class=\"elementor-element elementor-element-c5dc5d7 e-con-full e-flex e-con e-parent\" data-id=\"c5dc5d7\" data-element_type=\"container\">\n\t\t<div class=\"elementor-element elementor-element-54fb05d elementor-hidden-mobile e-flex e-con-boxed e-con e-parent\" data-id=\"54fb05d\" data-element_type=\"container\">\n\t\t\t\t\t<div class=\"e-con-inner\">\n\t\t\t\t<div class=\"elementor-element elementor-element-d059b70 elementor-widget elementor-widget-image\" data-id=\"d059b70\" data-element_type=\"widget\" data-widget_type=\"image.default\">\n\t\t\t\t<div class=\"elementor-widget-container\">\n\t\t\t\t\t\t\t\t\t\t\t\t\t\t\t<img decoding=\"async\" width=\"1920\" height=\"1080\" src=\"https:\/\/villa-histria-relax.com\/wp-content\/uploads\/2023\/06\/villa-histria-relax-unutrasnjost-20-1.jpg\" class=\"attachment-full size-full wp-image-674\" alt=\"\" srcset=\"https:\/\/villa-histria-relax.com\/wp-content\/uploads\/2023\/06\/villa-histria-relax-unutrasnjost-20-1.jpg 1920w, https:\/\/villa-histria-relax.com\/wp-content\/uploads\/2023\/06\/villa-histria-relax-unutrasnjost-20-1-300x169.jpg 300w, https:\/\/villa-histria-relax.com\/wp-content\/uploads\/2023\/06\/villa-histria-relax-unutrasnjost-20-1-1024x576.jpg 1024w, https:\/\/villa-histria-relax.com\/wp-content\/uploads\/2023\/06\/villa-histria-relax-unutrasnjost-20-1-768x432.jpg 768w, https:\/\/villa-histria-relax.com\/wp-content\/uploads\/2023\/06\/villa-histria-relax-unutrasnjost-20-1-1536x864.jpg 1536w\" sizes=\"(max-width: 1920px) 100vw, 1920px\" \/>\t\t\t\t\t\t\t\t\t\t\t\t\t\t\t<\/div>\n\t\t\t\t<\/div>\n\t\t\t\t\t<\/div>\n\t\t\t\t<\/div>\n\t\t<div class=\"elementor-element elementor-element-6bfcb4f elementor-hidden-mobile e-flex e-con-boxed e-con e-parent\" data-id=\"6bfcb4f\" data-element_type=\"container\">\n\t\t\t\t\t<div class=\"e-con-inner\">\n\t\t\t\t<div class=\"elementor-element elementor-element-19b61d3 elementor-widget elementor-widget-image\" data-id=\"19b61d3\" data-element_type=\"widget\" data-widget_type=\"image.default\">\n\t\t\t\t<div class=\"elementor-widget-container\">\n\t\t\t\t\t\t\t\t\t\t\t\t\t\t\t<img decoding=\"async\" width=\"1200\" height=\"800\" src=\"https:\/\/villa-histria-relax.com\/wp-content\/uploads\/2023\/06\/villa-histria-relax-vani-06-1.jpg\" class=\"attachment-full size-full wp-image-677\" alt=\"\" srcset=\"https:\/\/villa-histria-relax.com\/wp-content\/uploads\/2023\/06\/villa-histria-relax-vani-06-1.jpg 1200w, https:\/\/villa-histria-relax.com\/wp-content\/uploads\/2023\/06\/villa-histria-relax-vani-06-1-300x200.jpg 300w, https:\/\/villa-histria-relax.com\/wp-content\/uploads\/2023\/06\/villa-histria-relax-vani-06-1-1024x683.jpg 1024w, https:\/\/villa-histria-relax.com\/wp-content\/uploads\/2023\/06\/villa-histria-relax-vani-06-1-768x512.jpg 768w\" sizes=\"(max-width: 1200px) 100vw, 1200px\" \/>\t\t\t\t\t\t\t\t\t\t\t\t\t\t\t<\/div>\n\t\t\t\t<\/div>\n\t\t\t\t\t<\/div>\n\t\t\t\t<\/div>\n\t\t\t\t<\/div>\n\t\t\t\t\t<\/div>\n\t\t\t\t<\/div>\n\t\t<div class=\"elementor-element elementor-element-a401262 e-flex e-con-boxed e-con e-parent\" data-id=\"a401262\" data-element_type=\"container\">\n\t\t\t\t\t<div class=\"e-con-inner\">\n\t\t<div class=\"elementor-element elementor-element-26a2134 e-con-full e-flex e-con e-parent\" data-id=\"26a2134\" data-element_type=\"container\">\n\t\t\t\t<div class=\"elementor-element elementor-element-9d1ea1f elementor-widget elementor-widget-heading\" data-id=\"9d1ea1f\" data-element_type=\"widget\" data-widget_type=\"heading.default\">\n\t\t\t\t<div class=\"elementor-widget-container\">\n\t\t\t\t\t<h1 class=\"elementor-heading-title elementor-size-default\">\u00dcber uns<\/h1>\t\t\t\t<\/div>\n\t\t\t\t<\/div>\n\t\t\t\t<\/div>\n\t\t<div class=\"elementor-element elementor-element-bac23d6 e-con-full e-flex e-con e-parent\" data-id=\"bac23d6\" data-element_type=\"container\">\n\t\t\t\t<div class=\"elementor-element elementor-element-21844fa elementor-widget elementor-widget-text-editor\" data-id=\"21844fa\" data-element_type=\"widget\" data-widget_type=\"text-editor.default\">\n\t\t\t\t<div class=\"elementor-widget-container\">\n\t\t\t\t\t\t\t\t\t<p>Ihre R\u00fcckmeldungen und Bewertungen sind uns au\u00dferordentlich wichtig, da sie uns helfen, unsere Dienstleistungen kontinuierlich zu verbessern und zu noch besseren Gastgebern zu werden.<\/p>\t\t\t\t\t\t\t\t<\/div>\n\t\t\t\t<\/div>\n\t\t\t\t<\/div>\n\t\t<div class=\"elementor-element elementor-element-f039506 e-con-full e-flex e-con e-parent\" data-id=\"f039506\" data-element_type=\"container\">\n\t\t\t\t<div class=\"elementor-element elementor-element-1f58ced elementor-widget elementor-widget-image\" data-id=\"1f58ced\" data-element_type=\"widget\" data-widget_type=\"image.default\">\n\t\t\t\t<div class=\"elementor-widget-container\">\n\t\t\t\t\t\t\t\t\t\t\t\t\t\t\t<img loading=\"lazy\" decoding=\"async\" width=\"1200\" height=\"800\" src=\"https:\/\/villa-histria-relax.com\/wp-content\/uploads\/2023\/06\/villa-histria-relax-vani-01-1.jpg\" class=\"attachment-full size-full wp-image-680\" alt=\"\" srcset=\"https:\/\/villa-histria-relax.com\/wp-content\/uploads\/2023\/06\/villa-histria-relax-vani-01-1.jpg 1200w, https:\/\/villa-histria-relax.com\/wp-content\/uploads\/2023\/06\/villa-histria-relax-vani-01-1-300x200.jpg 300w, https:\/\/villa-histria-relax.com\/wp-content\/uploads\/2023\/06\/villa-histria-relax-vani-01-1-1024x683.jpg 1024w, https:\/\/villa-histria-relax.com\/wp-content\/uploads\/2023\/06\/villa-histria-relax-vani-01-1-768x512.jpg 768w\" sizes=\"(max-width: 1200px) 100vw, 1200px\" \/>\t\t\t\t\t\t\t\t\t\t\t\t\t\t\t<\/div>\n\t\t\t\t<\/div>\n\t\t\t\t<\/div>\n\t\t<div class=\"elementor-element elementor-element-bfe2876 e-con-full e-flex e-con e-parent\" data-id=\"bfe2876\" data-element_type=\"container\">\n\t\t\t\t<div class=\"elementor-element elementor-element-3417f63 elementor-widget elementor-widget-text-editor\" data-id=\"3417f63\" data-element_type=\"widget\" data-widget_type=\"text-editor.default\">\n\t\t\t\t<div class=\"elementor-widget-container\">\n\t\t\t\t\t\t\t\t\t<p>Liebe unsere gesch\u00e4tzten und zuk\u00fcnftigen G\u00e4ste,<\/p>\t\t\t\t\t\t\t\t<\/div>\n\t\t\t\t<\/div>\n\t\t\t\t<div class=\"elementor-element elementor-element-467abfc elementor-widget elementor-widget-text-editor\" data-id=\"467abfc\" data-element_type=\"widget\" data-widget_type=\"text-editor.default\">\n\t\t\t\t<div class=\"elementor-widget-container\">\n\t\t\t\t\t\t\t\t\t<p>Wir haben uns gro\u00dfe M\u00fche gegeben und so viel Liebe gezeigt, um Ihren Aufenthalt in der Villa Histria Relax so sch\u00f6n und angenehm wie m\u00f6glich zu gestalten. Unser Wunsch ist es, Ihnen zu helfen, wundervolle Erinnerungen zu schaffen, die Sie gerne mit Freunden und Kollegen teilen, und dass unsere Villa zu einem lebendigen Ort wird, den Sie immer wieder besuchen m\u00f6chten.<\/p><p>Unser Team steht Ihnen jederzeit zur Verf\u00fcgung, um Ihnen w\u00e4hrend Ihres Aufenthalts Unterst\u00fctzung zu bieten und ein angenehmes Erlebnis zu gew\u00e4hrleisten. Wir sch\u00e4tzen Ihre R\u00fcckmeldungen und Bewertungen, die uns helfen, noch bessere Gastgeber zu werden.<\/p><p>Wir leben nach unserem eigenen Lebensstil und haben eine Oase des Friedens geschaffen, die ideal f\u00fcr Erholung, Entspannung und k\u00f6rperliche Aktivit\u00e4ten ist. Ihre angenehmen Tage und N\u00e4chte in unserer Villa liegen uns sehr am Herzen.<\/p><p>Wir w\u00fcnschen Ihnen einen unglaublich angenehmen und unvergesslichen Aufenthalt in der Villa Histria Relax.<\/p><p>Mit Liebe, Damir und Antonija<\/p>\t\t\t\t\t\t\t\t<\/div>\n\t\t\t\t<\/div>\n\t\t\t\t<\/div>\n\t\t\t\t\t<\/div>\n\t\t\t\t<\/div>\n\t\t\t\t<\/div>\n\t\t","protected":false},"excerpt":{"rendered":"<p>\u00dcber uns Ihre R\u00fcckmeldungen und Bewertungen sind uns au\u00dferordentlich wichtig, da sie uns helfen, unsere Dienstleistungen kontinuierlich zu verbessern und zu noch besseren Gastgebern zu werden. Liebe unsere gesch\u00e4tzten und zuk\u00fcnftigen G\u00e4ste, Wir haben uns gro\u00dfe M\u00fche gegeben und so viel Liebe gezeigt, um Ihren Aufenthalt in der Villa Histria Relax so sch\u00f6n und angenehm [&hellip;]<\/p>\n","protected":false},"author":1,"featured_media":0,"parent":0,"menu_order":0,"comment_status":"closed","ping_status":"closed","template":"elementor_header_footer","meta":{"footnotes":""},"class_list":["post-668","page","type-page","status-publish","hentry"],"_links":{"self":[{"href":"https:\/\/villa-histria-relax.com\/de\/wp-json\/wp\/v2\/pages\/668","targetHints":{"allow":["GET"]}}],"collection":[{"href":"https:\/\/villa-histria-relax.com\/de\/wp-json\/wp\/v2\/pages"}],"about":[{"href":"https:\/\/villa-histria-relax.com\/de\/wp-json\/wp\/v2\/types\/page"}],"author":[{"embeddable":true,"href":"https:\/\/villa-histria-relax.com\/de\/wp-json\/wp\/v2\/users\/1"}],"replies":[{"embeddable":true,"href":"https:\/\/villa-histria-relax.com\/de\/wp-json\/wp\/v2\/comments?post=668"}],"version-history":[{"count":4,"href":"https:\/\/villa-histria-relax.com\/de\/wp-json\/wp\/v2\/pages\/668\/revisions"}],"predecessor-version":[{"id":685,"href":"https:\/\/villa-histria-relax.com\/de\/wp-json\/wp\/v2\/pages\/668\/revisions\/685"}],"wp:attachment":[{"href":"https:\/\/villa-histria-relax.com\/de\/wp-json\/wp\/v2\/media?parent=668"}],"curies":[{"name":"wp","href":"https:\/\/api.w.org\/{rel}","templated":true}]}}